{"id":4547,"date":"2024-02-11T11:31:33","date_gmt":"2024-02-11T11:31:33","guid":{"rendered":"http:\/\/glowbeautylab.it\/?page_id=4547"},"modified":"2024-02-11T11:38:52","modified_gmt":"2024-02-11T11:38:52","slug":"utilizzo-del-voucher","status":"publish","type":"page","link":"https:\/\/glowbeautylab.it\/index.php\/utilizzo-del-voucher\/","title":{"rendered":"Utilizzo del Voucher"},"content":{"rendered":"\n<h1 class=\"wp-block-heading\">Utilizzo del Voucher<\/h1>\n\n\n\n<p><strong><em>Spedizione virtuale<\/em>.<\/strong><\/p>\n\n\n\n<p>A seguito dell&#8217;acquisto di uno dei trattamenti in vendita sul sito <a href=\"https:\/\/glowbeautylab.it\/\"><em>www.glowbeautylab.it<\/em><\/a> per i quali l&#8217;unica opzione di acquisto \u00e8 quella virtuale, verr\u00e0 inviato un Voucher all\u2019indirizzo di posta elettronica indicato dal Cliente.<\/p>\n\n\n\n<p>Sar\u00e0 possibile scaricare il Voucher direttamente dall&#8217;email ricevuta dal Cliente a seguito dell&#8217;acquisto del trattamento. Il Voucher sar\u00e0 visualizzabile in versione .pdf o anche in versione .jpg.<\/p>\n\n\n\n<p><\/p>\n\n\n\n<p><strong><em>Utilizzo e validit\u00e0 dei voucher<\/em>.<\/strong><\/p>\n\n\n\n<p>Per usufruire dei servizi di un Voucher, quest&#8217;ultimo dovr\u00e0 essere mostrato presso la sede fisica di Glow &#8211; Beauty Lab (sito in via Giovanni XXII, 7A, 87036, Quattromila di Rende &#8211; CS) al momento della fruizione dei servizi in esso contenuti.<\/p>\n\n\n\n<p>La prestazione del servizio avverr\u00e0 solo dopo la presentazione del voucher ed in base alle disponibilit\u00e0. \u00c8 necessario pertanto prenotare qualsiasi servizio chiamando preventivamente al numero <a href=\"tel:+%20393451305988\"><em>+ 39 345 130 5988<\/em><\/a><strong>.<\/strong><\/p>\n\n\n\n<p>_<\/p>\n\n\n\n<p>Salvo esplicita diversa validit\u00e0 impressa o scritta sui Voucher, gli stessi hanno validit\u00e0 di 1 mese a partire dalla data di emissione, decorso il quale decade definitivamente il diritto di utilizzare i servizi. Nessun rimborso \u00e8 dovuto per i servizi non utilizzati.<\/p>\n\n\n\n<p>In caso di perdita, furto, danneggiamento, non utilizzo o scadenza del voucher il Cliente non avr\u00e0 diritto ad alcun rimborso.<\/p>\n","protected":false},"excerpt":{"rendered":"<p>Utilizzo del Voucher Spedizione virtuale. A seguito dell&#8217;acquisto di uno dei trattamenti in vendita sul sito www.glowbeautylab.it per i quali l&#8217;unica opzione di acquisto \u00e8 quella virtuale, verr\u00e0 inviato un Voucher all\u2019indirizzo di posta elettronica indicato dal Cliente. Sar\u00e0 possibile [&hellip;]<\/p>\n","protected":false},"author":1,"featured_media":0,"parent":0,"menu_order":0,"comment_status":"closed","ping_status":"closed","template":"","meta":{"_joinchat":[],"footnotes":""},"class_list":["post-4547","page","type-page","status-publish","hentry"],"_links":{"self":[{"href":"https:\/\/glowbeautylab.it\/index.php\/wp-json\/wp\/v2\/pages\/4547","targetHints":{"allow":["GET"]}}],"collection":[{"href":"https:\/\/glowbeautylab.it\/index.php\/wp-json\/wp\/v2\/pages"}],"about":[{"href":"https:\/\/glowbeautylab.it\/index.php\/wp-json\/wp\/v2\/types\/page"}],"author":[{"embeddable":true,"href":"https:\/\/glowbeautylab.it\/index.php\/wp-json\/wp\/v2\/users\/1"}],"replies":[{"embeddable":true,"href":"https:\/\/glowbeautylab.it\/index.php\/wp-json\/wp\/v2\/comments?post=4547"}],"version-history":[{"count":7,"href":"https:\/\/glowbeautylab.it\/index.php\/wp-json\/wp\/v2\/pages\/4547\/revisions"}],"predecessor-version":[{"id":4557,"href":"https:\/\/glowbeautylab.it\/index.php\/wp-json\/wp\/v2\/pages\/4547\/revisions\/4557"}],"wp:attachment":[{"href":"https:\/\/glowbeautylab.it\/index.php\/wp-json\/wp\/v2\/media?parent=4547"}],"curies":[{"name":"wp","href":"https:\/\/api.w.org\/{rel}","templated":true}]}}